{"id":24927,"date":"2016-09-26T15:24:49","date_gmt":"2016-09-26T15:24:49","guid":{"rendered":"http:\/\/c3n.ihcantabria.es\/?page_id=24927"},"modified":"2018-09-21T12:28:40","modified_gmt":"2018-09-21T12:28:40","slug":"divulgacion","status":"publish","type":"page","link":"https:\/\/c3n.ihcantabria.es\/en\/divulgacion\/","title":{"rendered":"DISSEMINATION"},"content":{"rendered":"<p><strong>DIVULGACI\u00d3N<\/strong><\/p>\n<p><u>Journal articles<\/u><\/p>\n<p>&nbsp;<\/p>\n<p><u>Presentations in international congress and workshops<\/u><\/p>\n<ul>\n<li><strong>Juanes, J.A., de la Hoz, C.F., Ramos, E., Puente, A.<\/strong> A preliminary approach to retrospective and prospective distribution analyses of benthic communities along the Spanish coast. <em>EMBS 51st European Marine Biology Symposium<\/em>. Rodas, Grecia, 26-30 septiembre 2016.<\/li>\n<\/ul>\n<p>To se the poster, click <a href=\"http:\/\/c3n.ihcantabria.es\/2016\/06\/03\/presentacion-del-poster-del-proyecto-en-el-embs-51st-european-marine-biology-symposium\/\"><strong>HERE<\/strong><\/a><\/p>\n<ul>\n<li><strong>C.F. de la Hoz, E. Ramos, A. Acevedo, A. Puente, I.J. Losada, J.A. Juanes<\/strong>. Historical and future hazards to marine life. <em>CERF 24th Biennial conference, Coastal science inflection point: celebrating successes, learning from challenges<\/em>. Providence (EEUU), 5-9 noviembre 2017.<\/li>\n<\/ul>\n<p>To see presentation, click <strong><a href=\"http:\/\/c3n.ihcantabria.es\/wp-content\/uploads\/2017\/11\/OCLE_CFHoz_CERF2017.pdf\" target=\"_blank\" rel=\"noopener\">HERE<\/a><\/strong><\/p>\n<p><u>PhDs and master thesis emanating from the project<\/u><\/p>\n<ul>\n<li><strong>Jorge L\u00f3pez Mec\u00e1ndez, 2017<\/strong>. Modelado ecol\u00f3gico de las praderas de <i>Gelidium corneum<\/i> en el Mar Cant\u00e1brico. Tesina Final de M\u00e1ster Universitario en Gesti\u00f3n Integrada de Sistemas H\u00eddricos.<\/li>\n<\/ul>\n<p><u>Other publications relating to the project<\/u><\/p>\n<ul>\n<li><strong>de la Hoz, C.F., Ramos, E., Puente, A., M\u00e9ndez, F.J., Men\u00e9ndez, M., Juanes, J.A. &amp; Losada, I.J.<\/strong> (2018). Ecological typologies of large areas. An application in the Mediterranean Sea<em>. <\/em><em>Journal of Environmental Management<\/em>, 205, 59\u201372.<\/li>\n<\/ul>\n<p><a href=\"http:\/\/www.sciencedirect.com\/science\/article\/pii\/S0301479717309271\">http:\/\/www.sciencedirect.com\/science\/article\/pii\/S0301479717309271<\/a><\/p>\n<p>&nbsp;<\/p>","protected":false},"excerpt":{"rendered":"<p>DIVULGACI\u00d3N Journal articles &nbsp; Presentations in international congress and workshops Juanes, J.A., de la Hoz, C.F., Ramos, E., Puente, A. A preliminary approach to retrospective and prospective distribution analyses of benthic communities along the Spanish coast. EMBS 51st European Marine Biology Symposium. Rodas, Grecia, 26-30 septiembre 2016. To se the poster, click HERE C.F. de [&hellip;]<\/p>\n","protected":false},"author":1,"featured_media":0,"parent":0,"menu_order":0,"comment_status":"closed","ping_status":"closed","template":"","meta":{"jetpack_post_was_ever_published":false,"footnotes":""},"class_list":["post-24927","page","type-page","status-publish","hentry"],"jetpack_sharing_enabled":true,"jetpack_shortlink":"https:\/\/wp.me\/P7BKGj-6u3","jetpack-related-posts":[{"id":24919,"url":"https:\/\/c3n.ihcantabria.es\/en\/objetivos\/","url_meta":{"origin":24927,"position":0},"title":"OBJECTIVES","author":"carlos","date":"Monday September 26th, 2016","format":false,"excerpt":"The general objective of C3N is to analyse the vulnerability of the natural systems of the Spanish coasts to climate change, as structural elements that provided by key environmental services of different nature. In order to achieve this, the different objectives are: To define specific indicators (predictors) of physical nature\u2026","rel":"","context":"Similar post","block_context":{"text":"Similar post","link":""},"img":{"alt_text":"","src":"","width":0,"height":0},"classes":[]},{"id":24925,"url":"https:\/\/c3n.ihcantabria.es\/en\/equipo\/","url_meta":{"origin":24927,"position":1},"title":"TEAM","author":"carlos","date":"Monday September 26th, 2016","format":false,"excerpt":"Principal researcher Research team Jos\u00e9 A. Juanes de la Pe\u00f1a\u00a0 Responsable de las Tarea 2 y 4. Participante en las Tareas 1, 3 y 5. \u00a0 Work team Elvira Ramos Manzanos\u00a0 Participante en las Tareas 1, 2, 3, 4 y 5. Michael W. Beck\u00a0 Participante en las Tareas 1, 2,\u2026","rel":"","context":"Similar post","block_context":{"text":"Similar post","link":""},"img":{"alt_text":"external_link","src":"https:\/\/i0.wp.com\/c3n.ihcantabria.es\/wp-content\/uploads\/2016\/09\/external_link.png?resize=350%2C200","width":350,"height":200},"classes":[]},{"id":38,"url":"https:\/\/c3n.ihcantabria.es\/en\/","url_meta":{"origin":24927,"position":2},"title":"HOME","author":"carlos","date":"Wednesday June 15th, 2016","format":false,"excerpt":"Traditionally, the most common solutions to the management of risk, due both to extreme events and climate change, are based on actions that directly protect the existing uses of the surrounding areas. However, alternative proposals based on the protection of natural systems, as elements that can provide adequate levels of\u2026","rel":"","context":"Similar post","block_context":{"text":"Similar post","link":""},"img":{"alt_text":"","src":"","width":0,"height":0},"classes":[]},{"id":24923,"url":"https:\/\/c3n.ihcantabria.es\/en\/resultados\/","url_meta":{"origin":24927,"position":3},"title":"RESULTS","author":"carlos","date":"Monday September 26th, 2016","format":false,"excerpt":"RESULTADOS ESPERABLES Database of physical and chemical variables, homogenised along the study area (scale of 10 Km). Georeferenced and dated register of presences\/absences of the studied species along the Spanish coast. Geodatabase of spatial and temporal macroalgae coverage distribution along the N and NW of the Iberian Peninsula. Selection of\u2026","rel":"","context":"Similar post","block_context":{"text":"Similar post","link":""},"img":{"alt_text":"","src":"","width":0,"height":0},"classes":[]},{"id":24921,"url":"https:\/\/c3n.ihcantabria.es\/en\/tareas\/","url_meta":{"origin":24927,"position":4},"title":"TASKS","author":"carlos","date":"Monday September 26th, 2016","format":false,"excerpt":"The methodology of the C3N project is organised in five tasks: \u00a0 Task 1: Analysis of the interaction of meteo-oceanographic variables and natural systems. Subtask 1.1. Selection and collection of meteo-oceanographic variables. Subtask 1.2. Time-space variability of natural systems. Subtask 1.3. Definition and selection of physical indicators. Task 2:Modelling of\u2026","rel":"","context":"Similar post","block_context":{"text":"Similar post","link":""},"img":{"alt_text":"tareas","src":"https:\/\/i0.wp.com\/c3n.ihcantabria.es\/wp-content\/uploads\/2016\/09\/Tareas.png?resize=350%2C200","width":350,"height":200},"classes":[]}],"jetpack_likes_enabled":true,"_links":{"self":[{"href":"https:\/\/c3n.ihcantabria.es\/en\/wp-json\/wp\/v2\/pages\/24927","targetHints":{"allow":["GET"]}}],"collection":[{"href":"https:\/\/c3n.ihcantabria.es\/en\/wp-json\/wp\/v2\/pages"}],"about":[{"href":"https:\/\/c3n.ihcantabria.es\/en\/wp-json\/wp\/v2\/types\/page"}],"author":[{"embeddable":true,"href":"https:\/\/c3n.ihcantabria.es\/en\/wp-json\/wp\/v2\/users\/1"}],"replies":[{"embeddable":true,"href":"https:\/\/c3n.ihcantabria.es\/en\/wp-json\/wp\/v2\/comments?post=24927"}],"version-history":[{"count":10,"href":"https:\/\/c3n.ihcantabria.es\/en\/wp-json\/wp\/v2\/pages\/24927\/revisions"}],"predecessor-version":[{"id":25027,"href":"https:\/\/c3n.ihcantabria.es\/en\/wp-json\/wp\/v2\/pages\/24927\/revisions\/25027"}],"wp:attachment":[{"href":"https:\/\/c3n.ihcantabria.es\/en\/wp-json\/wp\/v2\/media?parent=24927"}],"curies":[{"name":"wp","href":"https:\/\/api.w.org\/{rel}","templated":true}]}}